{"id":2875,"date":"2021-08-03T09:51:14","date_gmt":"2021-08-03T09:51:14","guid":{"rendered":"https:\/\/baker.la-studioweb.com\/?page_id=3"},"modified":"2023-03-06T12:16:57","modified_gmt":"2023-03-06T15:16:57","slug":"privacy-policy","status":"publish","type":"page","link":"https:\/\/damoraafetiva.com.br\/index.php\/privacy-policy\/","title":{"rendered":"Pol\u00edtica de Privacidade"},"content":{"rendered":"<p>A D\u00b4amora Confeitaria Afetiva estabelece o compromisso de total respeito pela privacidade de seus clientes e garante o sigilo de todas as informa\u00e7\u00f5es que voc\u00ea nos fornece. Corresponder \u00e0 sua confian\u00e7a \u00e9 de grande import\u00e2ncia para n\u00f3s.<\/p>\n<p>Sua seguran\u00e7a e sua privacidade s\u00e3o garantidas pelas seguintes condi\u00e7\u00f5es:<\/p>\n<p>1) Informa\u00e7\u00f5es Coletadas.<br \/>\nTodas as informa\u00e7\u00f5es pessoais coletadas no site s\u00e3o mantidas em absoluto sigilo. O \u00fanico objetivo de colet\u00e1-las \u00e9 para conhecer voc\u00ea um pouco mais e melhor atend\u00ea-lo. Dessa forma, podemos aprimorar nossa presta\u00e7\u00e3o de servi\u00e7os, propondo ofertas interessantes, fazendo promo\u00e7\u00f5es especiais e enviando informa\u00e7\u00f5es novas de mercado. Ou seja, propor servi\u00e7os personalizados.<\/p>\n<p>Todas as informa\u00e7\u00f5es s\u00e3o mantidas em total sigilo. N\u00e3o s\u00e3o cedidas a parceiros, anunciantes ou fornecedores em hip\u00f3tese alguma. Sempre que realizarmos uma pesquisa ou promo\u00e7\u00e3o conjunta com algum parceiro, voc\u00ea ser\u00e1 informado antes de preencher qualquer cadastro.<\/p>\n<p>2) Prote\u00e7\u00e3o Tecnol\u00f3gica.<br \/>\nD\u00b4amora Confeitaria Afetiva utiliza o servidor https com Secured Socket Layer (SSL). Esta tecnologia de seguran\u00e7a na Internet criptografa (codifica) as informa\u00e7\u00f5es privadas, tais como n\u00famero de Conta Corrente e n\u00famero de Cart\u00e3o de Cr\u00e9dito. Assim, essas informa\u00e7\u00f5es ser\u00e3o utilizadas apenas no processo de compra. Elas n\u00e3o ser\u00e3o armazenadas pelo nosso site e nem poder\u00e3o ser acessadas por algu\u00e9m na rede.<\/p>\n<p>3) Seguran\u00e7a Reconhecida.<br \/>\nSe voc\u00ea ainda tem alguma d\u00favida sobre a seguran\u00e7a da D\u00b4amora Confeitaria Afetiva, pode ficar tranquilo. Al\u00e9m de n\u00f3s, a Loja Integrada garantem a excel\u00eancia de nosso site, basta olhar o selo de certifica\u00e7\u00e3o em nosso rodap\u00e9. Tudo para voc\u00ea navegar mais tranquilo!<\/p>\n<p>Caso tenha qualquer d\u00favida ou sugest\u00e3o sobre a pol\u00edtica de privacidade ou sobre qualquer outro aspecto do nosso processo de compra n\u00e3o deixe de nos contatar atrav\u00e9s do e-mail contato@damora.com.br ou pelo nosso telefone.<\/p>\n","protected":false},"excerpt":{"rendered":"<p>A D\u00b4amora Confeitaria Afetiva estabelece o compromisso de total respeito pela privacidade de seus clientes e garante o sigilo de [&hellip;]<\/p>\n","protected":false},"author":1,"featured_media":0,"parent":0,"menu_order":0,"comment_status":"closed","ping_status":"closed","template":"","meta":{"footnotes":""},"class_list":["post-2875","page","type-page","status-publish","hentry"],"_links":{"self":[{"href":"https:\/\/damoraafetiva.com.br\/index.php\/wp-json\/wp\/v2\/pages\/2875","targetHints":{"allow":["GET"]}}],"collection":[{"href":"https:\/\/damoraafetiva.com.br\/index.php\/wp-json\/wp\/v2\/pages"}],"about":[{"href":"https:\/\/damoraafetiva.com.br\/index.php\/wp-json\/wp\/v2\/types\/page"}],"author":[{"embeddable":true,"href":"https:\/\/damoraafetiva.com.br\/index.php\/wp-json\/wp\/v2\/users\/1"}],"replies":[{"embeddable":true,"href":"https:\/\/damoraafetiva.com.br\/index.php\/wp-json\/wp\/v2\/comments?post=2875"}],"version-history":[{"count":2,"href":"https:\/\/damoraafetiva.com.br\/index.php\/wp-json\/wp\/v2\/pages\/2875\/revisions"}],"predecessor-version":[{"id":3403,"href":"https:\/\/damoraafetiva.com.br\/index.php\/wp-json\/wp\/v2\/pages\/2875\/revisions\/3403"}],"wp:attachment":[{"href":"https:\/\/damoraafetiva.com.br\/index.php\/wp-json\/wp\/v2\/media?parent=2875"}],"curies":[{"name":"wp","href":"https:\/\/api.w.org\/{rel}","templated":true}]}}