{"id":3589,"date":"2023-12-15T10:52:14","date_gmt":"2023-12-15T13:52:14","guid":{"rendered":"https:\/\/damoraafetiva.com.br\/?post_type=product&#038;p=3589"},"modified":"2024-07-23T02:35:59","modified_gmt":"2024-07-23T05:35:59","slug":"produto-21","status":"publish","type":"product","link":"https:\/\/damoraafetiva.com.br\/index.php\/product\/produto-21\/","title":{"rendered":"Bolo no Pote Prest\u00edgio"},"content":{"rendered":"","protected":false},"excerpt":{"rendered":"<p><strong>Composi\u00e7\u00e3o do Produto:<\/strong><\/p>\n<p>-massa de chocolate<\/p>\n<p>-cocada cremosa<\/p>\n<p>-brigadeiro cremoso de chocolate ao leite<\/p>\n<p>&nbsp;<\/p>\n<p>Pe\u00e7a j\u00e1 seu pedido pelo nosso Whatsapp!<\/p>\n<p><a href=\"https:\/\/api.whatsapp.com\/send\/?phone=5561992522626&amp;text&amp;type=phone_number&amp;app_absent=0\"><img fetchpriority=\"high\" decoding=\"async\" class=\"alignnone size-full wp-image-3544\" src=\"https:\/\/damoraafetiva.com.br\/wp-content\/uploads\/2023\/12\/botao-whatsapp-NOVO-2.png\" alt=\"\" width=\"450\" height=\"145\" \/><\/a><\/p>\n","protected":false},"featured_media":3774,"comment_status":"open","ping_status":"closed","template":"","meta":[],"product_brand":[],"product_cat":[74,70],"product_tag":[],"class_list":{"0":"post-3589","1":"product","2":"type-product","3":"status-publish","4":"has-post-thumbnail","6":"product_cat-potes","7":"product_cat-bolos-d-amora","9":"first","10":"instock","11":"shipping-taxable","12":"product-type-simple"},"_links":{"self":[{"href":"https:\/\/damoraafetiva.com.br\/index.php\/wp-json\/wp\/v2\/product\/3589","targetHints":{"allow":["GET"]}}],"collection":[{"href":"https:\/\/damoraafetiva.com.br\/index.php\/wp-json\/wp\/v2\/product"}],"about":[{"href":"https:\/\/damoraafetiva.com.br\/index.php\/wp-json\/wp\/v2\/types\/product"}],"replies":[{"embeddable":true,"href":"https:\/\/damoraafetiva.com.br\/index.php\/wp-json\/wp\/v2\/comments?post=3589"}],"wp:featuredmedia":[{"embeddable":true,"href":"https:\/\/damoraafetiva.com.br\/index.php\/wp-json\/wp\/v2\/media\/3774"}],"wp:attachment":[{"href":"https:\/\/damoraafetiva.com.br\/index.php\/wp-json\/wp\/v2\/media?parent=3589"}],"wp:term":[{"taxonomy":"product_brand","embeddable":true,"href":"https:\/\/damoraafetiva.com.br\/index.php\/wp-json\/wp\/v2\/product_brand?post=3589"},{"taxonomy":"product_cat","embeddable":true,"href":"https:\/\/damoraafetiva.com.br\/index.php\/wp-json\/wp\/v2\/product_cat?post=3589"},{"taxonomy":"product_tag","embeddable":true,"href":"https:\/\/damoraafetiva.com.br\/index.php\/wp-json\/wp\/v2\/product_tag?post=3589"}],"curies":[{"name":"wp","href":"https:\/\/api.w.org\/{rel}","templated":true}]}}