{"id":3713,"date":"2023-12-15T15:37:59","date_gmt":"2023-12-15T18:37:59","guid":{"rendered":"https:\/\/damoraafetiva.com.br\/?post_type=product&#038;p=3713"},"modified":"2024-07-11T21:46:01","modified_gmt":"2024-07-12T00:46:01","slug":"produto-77","status":"publish","type":"product","link":"https:\/\/damoraafetiva.com.br\/index.php\/product\/produto-77\/","title":{"rendered":"Caixa para Presente"},"content":{"rendered":"<p>Nossa caixa personalizada \u00e9 perfeita para voc\u00ea presentear algu\u00e9m do seu afeto.<\/p>\n","protected":false},"excerpt":{"rendered":"<p>Pe\u00e7a j\u00e1 seu pedido pelo nosso Whatsapp!<\/p>\n<p><a href=\"https:\/\/api.whatsapp.com\/send\/?phone=5561992522626&amp;text&amp;type=phone_number&amp;app_absent=0\"><img fetchpriority=\"high\" decoding=\"async\" class=\"alignnone size-full wp-image-3544\" src=\"https:\/\/damoraafetiva.com.br\/wp-content\/uploads\/2023\/12\/botao-whatsapp-NOVO-2.png\" alt=\"\" width=\"450\" height=\"145\" \/><\/a><\/p>\n","protected":false},"featured_media":3714,"comment_status":"open","ping_status":"closed","template":"","meta":[],"product_brand":[],"product_cat":[60],"product_tag":[],"class_list":{"0":"post-3713","1":"product","2":"type-product","3":"status-publish","4":"has-post-thumbnail","6":"product_cat-para-presentear","8":"first","9":"instock","10":"shipping-taxable","11":"product-type-simple"},"_links":{"self":[{"href":"https:\/\/damoraafetiva.com.br\/index.php\/wp-json\/wp\/v2\/product\/3713","targetHints":{"allow":["GET"]}}],"collection":[{"href":"https:\/\/damoraafetiva.com.br\/index.php\/wp-json\/wp\/v2\/product"}],"about":[{"href":"https:\/\/damoraafetiva.com.br\/index.php\/wp-json\/wp\/v2\/types\/product"}],"replies":[{"embeddable":true,"href":"https:\/\/damoraafetiva.com.br\/index.php\/wp-json\/wp\/v2\/comments?post=3713"}],"wp:featuredmedia":[{"embeddable":true,"href":"https:\/\/damoraafetiva.com.br\/index.php\/wp-json\/wp\/v2\/media\/3714"}],"wp:attachment":[{"href":"https:\/\/damoraafetiva.com.br\/index.php\/wp-json\/wp\/v2\/media?parent=3713"}],"wp:term":[{"taxonomy":"product_brand","embeddable":true,"href":"https:\/\/damoraafetiva.com.br\/index.php\/wp-json\/wp\/v2\/product_brand?post=3713"},{"taxonomy":"product_cat","embeddable":true,"href":"https:\/\/damoraafetiva.com.br\/index.php\/wp-json\/wp\/v2\/product_cat?post=3713"},{"taxonomy":"product_tag","embeddable":true,"href":"https:\/\/damoraafetiva.com.br\/index.php\/wp-json\/wp\/v2\/product_tag?post=3713"}],"curies":[{"name":"wp","href":"https:\/\/api.w.org\/{rel}","templated":true}]}}