{"id":3719,"date":"2023-12-15T15:42:06","date_gmt":"2023-12-15T18:42:06","guid":{"rendered":"https:\/\/damoraafetiva.com.br\/?post_type=product&#038;p=3719"},"modified":"2024-07-11T21:37:00","modified_gmt":"2024-07-12T00:37:00","slug":"produto-80","status":"publish","type":"product","link":"https:\/\/damoraafetiva.com.br\/index.php\/product\/produto-80\/","title":{"rendered":"Caixas para Presente"},"content":{"rendered":"<p>Nossas caixas personalizadas s\u00e3o perfeitas para voc\u00ea presentear algu\u00e9m. Temos tr\u00eas cores e tamanhos diferentes, para voc\u00ea colocar nossos deliciosos produtos da D&#8217; Amora.<\/p>\n","protected":false},"excerpt":{"rendered":"<p>Pe\u00e7a j\u00e1 seu pedido pelo nosso Whatsapp!<\/p>\n<p><a href=\"https:\/\/api.whatsapp.com\/send\/?phone=5561992522626&amp;text&amp;type=phone_number&amp;app_absent=0\"><img fetchpriority=\"high\" decoding=\"async\" class=\"alignnone size-full wp-image-3544\" src=\"https:\/\/damoraafetiva.com.br\/wp-content\/uploads\/2023\/12\/botao-whatsapp-NOVO-2.png\" alt=\"\" width=\"450\" height=\"145\" \/><\/a><\/p>\n","protected":false},"featured_media":3720,"comment_status":"open","ping_status":"closed","template":"","meta":[],"product_brand":[],"product_cat":[67,60],"product_tag":[],"class_list":{"0":"post-3719","1":"product","2":"type-product","3":"status-publish","4":"has-post-thumbnail","6":"product_cat-menu-loja","7":"product_cat-para-presentear","9":"first","10":"instock","11":"shipping-taxable","12":"product-type-simple"},"_links":{"self":[{"href":"https:\/\/damoraafetiva.com.br\/index.php\/wp-json\/wp\/v2\/product\/3719","targetHints":{"allow":["GET"]}}],"collection":[{"href":"https:\/\/damoraafetiva.com.br\/index.php\/wp-json\/wp\/v2\/product"}],"about":[{"href":"https:\/\/damoraafetiva.com.br\/index.php\/wp-json\/wp\/v2\/types\/product"}],"replies":[{"embeddable":true,"href":"https:\/\/damoraafetiva.com.br\/index.php\/wp-json\/wp\/v2\/comments?post=3719"}],"wp:featuredmedia":[{"embeddable":true,"href":"https:\/\/damoraafetiva.com.br\/index.php\/wp-json\/wp\/v2\/media\/3720"}],"wp:attachment":[{"href":"https:\/\/damoraafetiva.com.br\/index.php\/wp-json\/wp\/v2\/media?parent=3719"}],"wp:term":[{"taxonomy":"product_brand","embeddable":true,"href":"https:\/\/damoraafetiva.com.br\/index.php\/wp-json\/wp\/v2\/product_brand?post=3719"},{"taxonomy":"product_cat","embeddable":true,"href":"https:\/\/damoraafetiva.com.br\/index.php\/wp-json\/wp\/v2\/product_cat?post=3719"},{"taxonomy":"product_tag","embeddable":true,"href":"https:\/\/damoraafetiva.com.br\/index.php\/wp-json\/wp\/v2\/product_tag?post=3719"}],"curies":[{"name":"wp","href":"https:\/\/api.w.org\/{rel}","templated":true}]}}